{"id":5314,"date":"2022-09-15T07:13:18","date_gmt":"2022-09-15T07:13:18","guid":{"rendered":"https:\/\/www.souslebois.be\/contacteer-ons\/"},"modified":"2024-03-21T17:38:47","modified_gmt":"2024-03-21T16:38:47","slug":"contactez-nous","status":"publish","type":"page","link":"https:\/\/www.souslebois.be\/fr\/contactez-nous\/","title":{"rendered":"Contactez-nous"},"content":{"rendered":"\t\t<div data-elementor-type=\"wp-page\" data-elementor-id=\"5314\" class=\"elementor elementor-5314 elementor-240\" data-elementor-post-type=\"page\">\n\t\t\t\t\t\t<section class=\"elementor-section elementor-top-section elementor-element elementor-element-7c2b6b0 elementor-section-full_width elementor-section-height-min-height elementor-section-height-default elementor-section-items-middle\" data-id=\"7c2b6b0\" data-element_type=\"section\" data-e-type=\"section\" data-settings=\"{&quot;jet_parallax_layout_list&quot;:[],&quot;background_background&quot;:&quot;classic&quot;}\">\n\t\t\t\t\t\t\t<div class=\"elementor-background-overlay\"><\/div>\n\t\t\t\t\t\t\t<div class=\"elementor-container elementor-column-gap-default\">\n\t\t\t\t\t<div class=\"elementor-column elementor-col-100 elementor-top-column elementor-element elementor-element-f1fbee6\" data-id=\"f1fbee6\" data-element_type=\"column\" data-e-type=\"column\">\n\t\t\t<div class=\"elementor-widget-wrap\">\n\t\t\t\t\t\t\t<\/div>\n\t\t<\/div>\n\t\t\t\t\t<\/div>\n\t\t<\/section>\n\t\t\t\t<section class=\"elementor-section elementor-top-section elementor-element elementor-element-cc1d49b elementor-section-content-middle elementor-section-boxed elementor-section-height-default elementor-section-height-default\" data-id=\"cc1d49b\" data-element_type=\"section\" data-e-type=\"section\" data-settings=\"{&quot;jet_parallax_layout_list&quot;:[]}\">\n\t\t\t\t\t\t<div class=\"elementor-container elementor-column-gap-default\">\n\t\t\t\t\t<div class=\"elementor-column elementor-col-50 elementor-top-column elementor-element elementor-element-81b0e79\" data-id=\"81b0e79\" data-element_type=\"column\" data-e-type=\"column\" data-settings=\"{&quot;background_background&quot;:&quot;classic&quot;}\">\n\t\t\t<div class=\"elementor-widget-wrap elementor-element-populated\">\n\t\t\t\t\t\t<div class=\"elementor-element elementor-element-dc09572 elementor-widget elementor-widget-heading\" data-id=\"dc09572\" data-element_type=\"widget\" data-e-type=\"widget\" data-widget_type=\"heading.default\">\n\t\t\t\t<div class=\"elementor-widget-container\">\n\t\t\t\t\t<h2 class=\"elementor-heading-title elementor-size-default\">Contactez-nous<\/h2>\t\t\t\t<\/div>\n\t\t\t\t<\/div>\n\t\t\t\t<div class=\"elementor-element elementor-element-c4f1ff3 elementor-widget elementor-widget-text-editor\" data-id=\"c4f1ff3\" data-element_type=\"widget\" data-e-type=\"widget\" data-widget_type=\"text-editor.default\">\n\t\t\t\t<div class=\"elementor-widget-container\">\n\t\t\t\t\t\t\t\t\t<p class=\"font_8\">Non loin de Durbuy se trouve la commune calme et agr\u00e9able d&#8217;Erez\u00e9e, propice au repos, \u00e0 la marche ou \u00e0 l&#8217;exploration. Erez\u00e9e offre un paysage verdoyant compos\u00e9 de champs et de prairies. Vous pouvez y d\u00e9couvrir de nombreux endroits, dont de nombreux ch\u00e2teaux et moulins anciens.<\/p><p class=\"font_8\">Vous avez des questions pour votre s\u00e9jour ou une demande sp\u00e9ciale ? N&#8217;h\u00e9sitez pas \u00e0 nous envoyer un message en utilisant le formulaire ci-dessous ou \u00e0 nous contacter par t\u00e9l\u00e9phone.<\/p>\t\t\t\t\t\t\t\t<\/div>\n\t\t\t\t<\/div>\n\t\t\t\t\t<\/div>\n\t\t<\/div>\n\t\t\t\t<div class=\"elementor-column elementor-col-50 elementor-top-column elementor-element elementor-element-1f0bb20 elementor-hidden-mobile\" data-id=\"1f0bb20\" data-element_type=\"column\" data-e-type=\"column\">\n\t\t\t<div class=\"elementor-widget-wrap\">\n\t\t\t\t\t\t\t<\/div>\n\t\t<\/div>\n\t\t\t\t\t<\/div>\n\t\t<\/section>\n\t\t\t\t<section class=\"elementor-section elementor-top-section elementor-element elementor-element-a85d1c7 elementor-section-boxed elementor-section-height-default elementor-section-height-default\" data-id=\"a85d1c7\" data-element_type=\"section\" data-e-type=\"section\" data-settings=\"{&quot;background_background&quot;:&quot;classic&quot;,&quot;jet_parallax_layout_list&quot;:[]}\">\n\t\t\t\t\t\t<div class=\"elementor-container elementor-column-gap-default\">\n\t\t\t\t\t<div class=\"elementor-column elementor-col-50 elementor-top-column elementor-element elementor-element-76bf1ae\" data-id=\"76bf1ae\" data-element_type=\"column\" data-e-type=\"column\" data-settings=\"{&quot;background_background&quot;:&quot;slideshow&quot;,&quot;background_slideshow_gallery&quot;:[{&quot;id&quot;:3843,&quot;url&quot;:&quot;https:\\\/\\\/www.souslebois.be\\\/wp-content\\\/uploads\\\/2022\\\/08\\\/vakantiewoning-erezee-ardennen.jpeg&quot;},{&quot;id&quot;:3834,&quot;url&quot;:&quot;https:\\\/\\\/www.souslebois.be\\\/wp-content\\\/uploads\\\/2022\\\/08\\\/gite-vakantiewoning-huren-erezee-ardennen.jpeg&quot;},{&quot;id&quot;:3041,&quot;url&quot;:&quot;https:\\\/\\\/www.souslebois.be\\\/wp-content\\\/uploads\\\/2022\\\/07\\\/interieur-sous-le-bois.webp&quot;},{&quot;id&quot;:2917,&quot;url&quot;:&quot;https:\\\/\\\/www.souslebois.be\\\/wp-content\\\/uploads\\\/2022\\\/06\\\/luxueus-logeren-ardennen-sous-le-bois-1.jpeg&quot;},{&quot;id&quot;:3840,&quot;url&quot;:&quot;https:\\\/\\\/www.souslebois.be\\\/wp-content\\\/uploads\\\/2022\\\/08\\\/slaapkamer-luxe-vakantiewoning-ardennen-erezee.jpeg&quot;},{&quot;id&quot;:3837,&quot;url&quot;:&quot;https:\\\/\\\/www.souslebois.be\\\/wp-content\\\/uploads\\\/2022\\\/08\\\/slaapkamer-gites-vakantiewoning-boeken-ardennen.jpeg&quot;}],&quot;background_slideshow_slide_duration&quot;:4000,&quot;background_slideshow_transition_duration&quot;:1000,&quot;background_slideshow_loop&quot;:&quot;yes&quot;,&quot;background_slideshow_slide_transition&quot;:&quot;fade&quot;}\">\n\t\t\t<div class=\"elementor-widget-wrap\">\n\t\t\t\t\t\t\t<\/div>\n\t\t<\/div>\n\t\t\t\t<div class=\"elementor-column elementor-col-50 elementor-top-column elementor-element elementor-element-8fb1caa\" data-id=\"8fb1caa\" data-element_type=\"column\" data-e-type=\"column\">\n\t\t\t<div class=\"elementor-widget-wrap elementor-element-populated\">\n\t\t\t\t\t\t<section class=\"elementor-section elementor-inner-section elementor-element elementor-element-0d004d5 elementor-section-boxed elementor-section-height-default elementor-section-height-default\" data-id=\"0d004d5\" data-element_type=\"section\" data-e-type=\"section\" data-settings=\"{&quot;background_background&quot;:&quot;classic&quot;,&quot;jet_parallax_layout_list&quot;:[]}\">\n\t\t\t\t\t\t<div class=\"elementor-container elementor-column-gap-no\">\n\t\t\t\t\t<div class=\"elementor-column elementor-col-100 elementor-inner-column elementor-element elementor-element-b35403f\" data-id=\"b35403f\" data-element_type=\"column\" data-e-type=\"column\">\n\t\t\t<div class=\"elementor-widget-wrap elementor-element-populated\">\n\t\t\t\t\t\t<div class=\"elementor-element elementor-element-6d0d36c elementor-widget elementor-widget-heading\" data-id=\"6d0d36c\" data-element_type=\"widget\" data-e-type=\"widget\" data-widget_type=\"heading.default\">\n\t\t\t\t<div class=\"elementor-widget-container\">\n\t\t\t\t\t<h3 class=\"elementor-heading-title elementor-size-default\">Contactez-nous<\/h3>\t\t\t\t<\/div>\n\t\t\t\t<\/div>\n\t\t\t\t<div class=\"elementor-element elementor-element-dae147a elementor-button-align-start elementor-widget elementor-widget-form\" data-id=\"dae147a\" data-element_type=\"widget\" data-e-type=\"widget\" data-settings=\"{&quot;step_next_label&quot;:&quot;Next&quot;,&quot;step_previous_label&quot;:&quot;Previous&quot;,&quot;button_width&quot;:&quot;100&quot;,&quot;step_type&quot;:&quot;number_text&quot;,&quot;step_icon_shape&quot;:&quot;circle&quot;}\" data-widget_type=\"form.default\">\n\t\t\t\t<div class=\"elementor-widget-container\">\n\t\t\t\t\t\t\t<form class=\"elementor-form\" method=\"post\" name=\"Nieuw Formulier\" aria-label=\"Nieuw Formulier\">\n\t\t\t<input type=\"hidden\" name=\"post_id\" value=\"5314\"\/>\n\t\t\t<input type=\"hidden\" name=\"form_id\" value=\"dae147a\"\/>\n\t\t\t<input type=\"hidden\" name=\"referer_title\" value=\"Contactez-nous\" \/>\n\n\t\t\t\t\t\t\t<input type=\"hidden\" name=\"queried_id\" value=\"5314\"\/>\n\t\t\t\n\t\t\t<div class=\"elementor-form-fields-wrapper elementor-labels-above\">\n\t\t\t\t\t\t\t\t<div class=\"elementor-field-type-text elementor-field-group elementor-column elementor-field-group-name elementor-col-100 elementor-field-required\">\n\t\t\t\t\t\t\t\t\t\t\t\t<label for=\"form-field-name\" class=\"elementor-field-label\">\n\t\t\t\t\t\t\t\tVotre nom\t\t\t\t\t\t\t<\/label>\n\t\t\t\t\t\t\t\t\t\t\t\t\t\t<input size=\"1\" type=\"text\" name=\"form_fields[name]\" id=\"form-field-name\" class=\"elementor-field elementor-size-sm  elementor-field-textual\" required=\"required\">\n\t\t\t\t\t\t\t\t\t\t\t<\/div>\n\t\t\t\t\t\t\t\t<div class=\"elementor-field-type-email elementor-field-group elementor-column elementor-field-group-email elementor-col-100 elementor-field-required\">\n\t\t\t\t\t\t\t\t\t\t\t\t<label for=\"form-field-email\" class=\"elementor-field-label\">\n\t\t\t\t\t\t\t\tEmail\t\t\t\t\t\t\t<\/label>\n\t\t\t\t\t\t\t\t\t\t\t\t\t\t<input size=\"1\" type=\"email\" name=\"form_fields[email]\" id=\"form-field-email\" class=\"elementor-field elementor-size-sm  elementor-field-textual\" required=\"required\">\n\t\t\t\t\t\t\t\t\t\t\t<\/div>\n\t\t\t\t\t\t\t\t<div class=\"elementor-field-type-textarea elementor-field-group elementor-column elementor-field-group-message elementor-col-100\">\n\t\t\t\t\t\t\t\t\t\t\t\t<label for=\"form-field-message\" class=\"elementor-field-label\">\n\t\t\t\t\t\t\t\tVotre message\t\t\t\t\t\t\t<\/label>\n\t\t\t\t\t\t<textarea class=\"elementor-field-textual elementor-field  elementor-size-sm\" name=\"form_fields[message]\" id=\"form-field-message\" rows=\"4\" placeholder=\"Dites-nous en un peu plus sur votre demande...\"><\/textarea>\t\t\t\t<\/div>\n\t\t\t\t\t\t\t\t<div class=\"elementor-field-group elementor-column elementor-field-type-submit elementor-col-100 e-form__buttons\">\n\t\t\t\t\t<button class=\"elementor-button elementor-size-md\" type=\"submit\">\n\t\t\t\t\t\t<span class=\"elementor-button-content-wrapper\">\n\t\t\t\t\t\t\t\t\t\t\t\t\t\t\t\t\t\t\t\t\t\t<span class=\"elementor-button-text\">Envoyer<\/span>\n\t\t\t\t\t\t\t\t\t\t\t\t\t<\/span>\n\t\t\t\t\t<\/button>\n\t\t\t\t<\/div>\n\t\t\t<\/div>\n\t\t<\/form>\n\t\t\t\t\t\t<\/div>\n\t\t\t\t<\/div>\n\t\t\t\t<div class=\"elementor-element elementor-element-41fb894 elementor-icon-list--layout-traditional elementor-list-item-link-full_width elementor-widget elementor-widget-icon-list\" data-id=\"41fb894\" data-element_type=\"widget\" data-e-type=\"widget\" data-widget_type=\"icon-list.default\">\n\t\t\t\t<div class=\"elementor-widget-container\">\n\t\t\t\t\t\t\t<ul class=\"elementor-icon-list-items\">\n\t\t\t\t\t\t\t<li class=\"elementor-icon-list-item\">\n\t\t\t\t\t\t\t\t\t\t\t<span class=\"elementor-icon-list-icon\">\n\t\t\t\t\t\t\t<svg xmlns=\"http:\/\/www.w3.org\/2000\/svg\" id=\"_&#x43B;&#x43E;&#x439;_2\" viewBox=\"0 0 1125.87 1411.8\"><path d=\"M888.79,530.79l134.92-231.33C1099.19,170.03,1005.83,7.5,856,7.5h0c-149.83,0-243.19,162.53-167.7,291.95l134.92,231.33c14.65,25.11,50.93,25.11,65.57,0Z\" fill=\"#fff\" stroke=\"#000\" stroke-linecap=\"round\" stroke-miterlimit=\"10\" stroke-width=\"15\"><\/path><circle cx=\"856\" cy=\"207\" r=\"71.5\" fill=\"none\" stroke=\"#000\" stroke-linecap=\"round\" stroke-miterlimit=\"10\" stroke-width=\"15\"><\/circle><path d=\"M952.88,512.09c82.01,8.98,139.62,30.13,139.62,54.81,0,32.81-101.86,59.4-227.5,59.4s-227.5-26.59-227.5-59.4c0-23.21,51-43.32,125.35-53.09\" fill=\"none\" stroke=\"#000\" stroke-linecap=\"round\" stroke-miterlimit=\"10\" stroke-width=\"15\"><\/path><path d=\"M258.79,1308.79l134.92-231.33c75.49-129.43-17.87-291.95-167.71-291.95h0c-149.83,0-243.19,162.53-167.7,291.95l134.92,231.33c14.65,25.11,50.93,25.11,65.57,0Z\" fill=\"none\" stroke=\"#000\" stroke-linecap=\"round\" stroke-miterlimit=\"10\" stroke-width=\"15\"><\/path><circle cx=\"226\" cy=\"985\" r=\"71.5\" fill=\"none\" stroke=\"#000\" stroke-linecap=\"round\" stroke-miterlimit=\"10\" stroke-width=\"15\"><\/circle><path d=\"M322.88,1290.09c82.01,8.98,139.62,30.13,139.62,54.81,0,32.81-101.86,59.4-227.5,59.4s-227.5-26.59-227.5-59.4c0-23.21,51-43.32,125.35-53.09\" fill=\"none\" stroke=\"#000\" stroke-linecap=\"round\" stroke-miterlimit=\"10\" stroke-width=\"15\"><\/path><g><path d=\"M665.5,646.5s-15.68,13.83-34.72,35.94\" fill=\"none\" stroke=\"#000\" stroke-linecap=\"round\" stroke-miterlimit=\"10\" stroke-width=\"15\"><\/path><path d=\"M577.64,764.03c-37.16,86.5-15.82,193.54,287.86,220.47,492.99,43.72,185.66,334.89-245.16,361.66\" fill=\"none\" stroke=\"#000\" stroke-dasharray=\"0 0 97.73 97.73\" stroke-linecap=\"round\" stroke-miterlimit=\"10\" stroke-width=\"15\"><\/path><path d=\"M571.49,1348.03c-16.54,.24-33.21,.07-49.99-.53\" fill=\"none\" stroke=\"#000\" stroke-linecap=\"round\" stroke-miterlimit=\"10\" stroke-width=\"15\"><\/path><\/g><\/svg>\t\t\t\t\t\t<\/span>\n\t\t\t\t\t\t\t\t\t\t<span class=\"elementor-icon-list-text\">Rue du val d'aisne 4, 6997 Erez\u00e9e (G\u00eete Sous le Bois)<\/span>\n\t\t\t\t\t\t\t\t\t<\/li>\n\t\t\t\t\t\t\t\t<li class=\"elementor-icon-list-item\">\n\t\t\t\t\t\t\t\t\t\t\t<span class=\"elementor-icon-list-icon\">\n\t\t\t\t\t\t\t<svg xmlns=\"http:\/\/www.w3.org\/2000\/svg\" id=\"_&#x43B;&#x43E;&#x439;_2\" viewBox=\"0 0 1125.87 1411.8\"><path d=\"M888.79,530.79l134.92-231.33C1099.19,170.03,1005.83,7.5,856,7.5h0c-149.83,0-243.19,162.53-167.7,291.95l134.92,231.33c14.65,25.11,50.93,25.11,65.57,0Z\" fill=\"#fff\" stroke=\"#000\" stroke-linecap=\"round\" stroke-miterlimit=\"10\" stroke-width=\"15\"><\/path><circle cx=\"856\" cy=\"207\" r=\"71.5\" fill=\"none\" stroke=\"#000\" stroke-linecap=\"round\" stroke-miterlimit=\"10\" stroke-width=\"15\"><\/circle><path d=\"M952.88,512.09c82.01,8.98,139.62,30.13,139.62,54.81,0,32.81-101.86,59.4-227.5,59.4s-227.5-26.59-227.5-59.4c0-23.21,51-43.32,125.35-53.09\" fill=\"none\" stroke=\"#000\" stroke-linecap=\"round\" stroke-miterlimit=\"10\" stroke-width=\"15\"><\/path><path d=\"M258.79,1308.79l134.92-231.33c75.49-129.43-17.87-291.95-167.71-291.95h0c-149.83,0-243.19,162.53-167.7,291.95l134.92,231.33c14.65,25.11,50.93,25.11,65.57,0Z\" fill=\"none\" stroke=\"#000\" stroke-linecap=\"round\" stroke-miterlimit=\"10\" stroke-width=\"15\"><\/path><circle cx=\"226\" cy=\"985\" r=\"71.5\" fill=\"none\" stroke=\"#000\" stroke-linecap=\"round\" stroke-miterlimit=\"10\" stroke-width=\"15\"><\/circle><path d=\"M322.88,1290.09c82.01,8.98,139.62,30.13,139.62,54.81,0,32.81-101.86,59.4-227.5,59.4s-227.5-26.59-227.5-59.4c0-23.21,51-43.32,125.35-53.09\" fill=\"none\" stroke=\"#000\" stroke-linecap=\"round\" stroke-miterlimit=\"10\" stroke-width=\"15\"><\/path><g><path d=\"M665.5,646.5s-15.68,13.83-34.72,35.94\" fill=\"none\" stroke=\"#000\" stroke-linecap=\"round\" stroke-miterlimit=\"10\" stroke-width=\"15\"><\/path><path d=\"M577.64,764.03c-37.16,86.5-15.82,193.54,287.86,220.47,492.99,43.72,185.66,334.89-245.16,361.66\" fill=\"none\" stroke=\"#000\" stroke-dasharray=\"0 0 97.73 97.73\" stroke-linecap=\"round\" stroke-miterlimit=\"10\" stroke-width=\"15\"><\/path><path d=\"M571.49,1348.03c-16.54,.24-33.21,.07-49.99-.53\" fill=\"none\" stroke=\"#000\" stroke-linecap=\"round\" stroke-miterlimit=\"10\" stroke-width=\"15\"><\/path><\/g><\/svg>\t\t\t\t\t\t<\/span>\n\t\t\t\t\t\t\t\t\t\t<span class=\"elementor-icon-list-text\">Rue de l'Aisne 25A, 6997 Fanzel (\u00c9rez\u00e9e) (G\u00eete Au bord de l'Aisne)<\/span>\n\t\t\t\t\t\t\t\t\t<\/li>\n\t\t\t\t\t\t\t\t<li class=\"elementor-icon-list-item\">\n\t\t\t\t\t\t\t\t\t\t\t<a href=\"tel:+3213302895\">\n\n\t\t\t\t\t\t\t\t\t\t\t\t<span class=\"elementor-icon-list-icon\">\n\t\t\t\t\t\t\t<svg xmlns=\"http:\/\/www.w3.org\/2000\/svg\" id=\"Laag_1\" viewBox=\"0 0 188 187.9\"><defs><style>.cls-1{fill:#0d003c;}.cls-2{fill:none;stroke:#0d003c;stroke-linecap:round;stroke-linejoin:round;stroke-width:2px;}<\/style><\/defs><path class=\"cls-1\" d=\"M113.76,9.43h-39.52c-.85,0-1.54-.69-1.54-1.54h0c0-.85,.69-1.54,1.54-1.54h39.52c.85,0,1.54,.69,1.54,1.54h0c0,.85-.69,1.54-1.54,1.54Z\"><\/path><g><path class=\"cls-2\" d=\"M47.88,1h92.34c.71,0,1.28,.57,1.28,1.28V185.62c0,.71-.57,1.28-1.28,1.28H47.88c-.71,0-1.28-.57-1.28-1.28V2.28c0-.71,.57-1.28,1.28-1.28Z\"><\/path><path class=\"cls-2\" d=\"M54.81,15.83h78.48c.71,0,1.28,.57,1.28,1.28V164.24c0,.71-.57,1.28-1.28,1.28H54.81c-.71,0-1.28-.57-1.28-1.28V17.11c0-.71,.57-1.28,1.28-1.28Z\"><\/path><g><path class=\"cls-2\" d=\"M156.53,62.27c8.45,6.41,13.91,16.56,13.91,27.99,0,10.66-4.75,20.21-12.25,26.65\"><\/path><path class=\"cls-2\" d=\"M165.89,48.12c12.83,9.73,21.11,25.14,21.11,42.49,0,16.18-7.21,30.68-18.59,40.45\"><\/path><\/g><g><path class=\"cls-2\" d=\"M31.47,62.27c-8.45,6.41-13.91,16.56-13.91,27.99,0,10.66,4.75,20.21,12.25,26.65\"><\/path><path class=\"cls-2\" d=\"M22.11,48.12C9.28,57.86,1,73.27,1,90.61c0,16.18,7.21,30.68,18.59,40.45\"><\/path><\/g><\/g><\/svg>\t\t\t\t\t\t<\/span>\n\t\t\t\t\t\t\t\t\t\t<span class=\"elementor-icon-list-text\">013\/30 28 95<\/span>\n\t\t\t\t\t\t\t\t\t\t\t<\/a>\n\t\t\t\t\t\t\t\t\t<\/li>\n\t\t\t\t\t\t\t\t<li class=\"elementor-icon-list-item\">\n\t\t\t\t\t\t\t\t\t\t\t<a href=\"tel:+32495\/360744\">\n\n\t\t\t\t\t\t\t\t\t\t\t\t<span class=\"elementor-icon-list-icon\">\n\t\t\t\t\t\t\t<svg xmlns=\"http:\/\/www.w3.org\/2000\/svg\" id=\"Laag_1\" viewBox=\"0 0 188 187.9\"><defs><style>.cls-1{fill:#0d003c;}.cls-2{fill:none;stroke:#0d003c;stroke-linecap:round;stroke-linejoin:round;stroke-width:2px;}<\/style><\/defs><path class=\"cls-1\" d=\"M113.76,9.43h-39.52c-.85,0-1.54-.69-1.54-1.54h0c0-.85,.69-1.54,1.54-1.54h39.52c.85,0,1.54,.69,1.54,1.54h0c0,.85-.69,1.54-1.54,1.54Z\"><\/path><g><path class=\"cls-2\" d=\"M47.88,1h92.34c.71,0,1.28,.57,1.28,1.28V185.62c0,.71-.57,1.28-1.28,1.28H47.88c-.71,0-1.28-.57-1.28-1.28V2.28c0-.71,.57-1.28,1.28-1.28Z\"><\/path><path class=\"cls-2\" d=\"M54.81,15.83h78.48c.71,0,1.28,.57,1.28,1.28V164.24c0,.71-.57,1.28-1.28,1.28H54.81c-.71,0-1.28-.57-1.28-1.28V17.11c0-.71,.57-1.28,1.28-1.28Z\"><\/path><g><path class=\"cls-2\" d=\"M156.53,62.27c8.45,6.41,13.91,16.56,13.91,27.99,0,10.66-4.75,20.21-12.25,26.65\"><\/path><path class=\"cls-2\" d=\"M165.89,48.12c12.83,9.73,21.11,25.14,21.11,42.49,0,16.18-7.21,30.68-18.59,40.45\"><\/path><\/g><g><path class=\"cls-2\" d=\"M31.47,62.27c-8.45,6.41-13.91,16.56-13.91,27.99,0,10.66,4.75,20.21,12.25,26.65\"><\/path><path class=\"cls-2\" d=\"M22.11,48.12C9.28,57.86,1,73.27,1,90.61c0,16.18,7.21,30.68,18.59,40.45\"><\/path><\/g><\/g><\/svg>\t\t\t\t\t\t<\/span>\n\t\t\t\t\t\t\t\t\t\t<span class=\"elementor-icon-list-text\">0495\/36 07 44<\/span>\n\t\t\t\t\t\t\t\t\t\t\t<\/a>\n\t\t\t\t\t\t\t\t\t<\/li>\n\t\t\t\t\t\t\t\t<li class=\"elementor-icon-list-item\">\n\t\t\t\t\t\t\t\t\t\t\t<a href=\"mailto:info@souslebois.be\">\n\n\t\t\t\t\t\t\t\t\t\t\t\t<span class=\"elementor-icon-list-icon\">\n\t\t\t\t\t\t\t<svg xmlns=\"http:\/\/www.w3.org\/2000\/svg\" id=\"Laag_1\" viewBox=\"0 0 174.96 196\"><defs><style>.cls-1{fill:#0d003c;}.cls-2{fill:#fff;}.cls-2,.cls-3{stroke:#0d003c;stroke-linecap:round;stroke-linejoin:round;stroke-width:2px;}.cls-3{fill:none;}<\/style><\/defs><polyline class=\"cls-3\" points=\"173.96 78.28 173.96 195 1 195 1 78.28\"><\/polyline><polygon class=\"cls-3\" points=\"130.72 39.64 87.48 1 44.24 39.64 1 78.28 44.24 116.92 87.48 155.56 130.72 116.92 173.96 78.28 130.72 39.64\"><\/polygon><path class=\"cls-1\" d=\"M106.92,44.29c5.61,2.93,9.97,7.02,13.08,12.26,3.11,5.24,4.67,11.16,4.67,17.76s-1.33,12.14-4.01,15.99c-2.67,3.85-6.36,5.77-11.08,5.77-2.51,0-4.64-.59-6.36-1.76-1.73-1.18-2.93-2.87-3.61-5.07-3.14,4.55-7.86,6.83-14.14,6.83-3.56,0-6.78-.85-9.66-2.55-2.88-1.7-5.13-4.07-6.76-7.11-1.62-3.04-2.44-6.49-2.44-10.37s.81-7.24,2.44-10.26c1.62-3.01,3.88-5.37,6.76-7.07,2.88-1.7,6.1-2.55,9.66-2.55,2.78,0,5.28,.47,7.5,1.42,2.23,.94,4.1,2.33,5.62,4.16v-5.11h8.72v26.72c0,1.89,.38,3.25,1.14,4.08,.76,.84,1.74,1.26,2.94,1.26,2.15,0,3.78-1.22,4.91-3.65,1.13-2.44,1.69-5.96,1.69-10.57,0-5.55-1.27-10.45-3.81-14.69-2.54-4.24-6.09-7.54-10.65-9.9-4.56-2.36-9.8-3.53-15.72-3.53s-11.26,1.25-15.87,3.73c-4.61,2.49-8.17,5.96-10.69,10.41-2.51,4.45-3.77,9.51-3.77,15.16s1.24,10.87,3.73,15.32c2.49,4.45,6.01,7.92,10.57,10.41,4.56,2.49,9.79,3.74,15.72,3.74,2.57,0,5.17-.29,7.82-.86,2.64-.58,5.12-1.44,7.43-2.59l2.12,6.28c-2.3,1.2-5.02,2.12-8.13,2.75-3.12,.63-6.2,.95-9.23,.95-7.34,0-13.82-1.55-19.45-4.64-5.63-3.09-10-7.36-13.12-12.81-3.12-5.45-4.68-11.63-4.68-18.54s1.57-12.93,4.71-18.35c3.14-5.42,7.56-9.67,13.24-12.77,5.68-3.09,12.22-4.64,19.6-4.64s13.49,1.47,19.09,4.4Zm-11.43,40.82c2.17-2.23,3.26-5.25,3.26-9.07s-1.09-6.76-3.26-8.96c-2.17-2.2-4.96-3.3-8.37-3.3s-6.26,1.11-8.41,3.34c-2.15,2.23-3.22,5.2-3.22,8.92s1.07,6.78,3.22,9.03c2.15,2.25,4.95,3.38,8.41,3.38s6.19-1.11,8.37-3.34Z\"><\/path><polygon class=\"cls-2\" points=\"87.48 117.72 130.72 156.36 173.96 195 87.48 195 1 195 44.24 156.36 87.48 117.72\"><\/polygon><\/svg>\t\t\t\t\t\t<\/span>\n\t\t\t\t\t\t\t\t\t\t<span class=\"elementor-icon-list-text\">info@souslebois.be<\/span>\n\t\t\t\t\t\t\t\t\t\t\t<\/a>\n\t\t\t\t\t\t\t\t\t<\/li>\n\t\t\t\t\t\t<\/ul>\n\t\t\t\t\t\t<\/div>\n\t\t\t\t<\/div>\n\t\t\t\t\t<\/div>\n\t\t<\/div>\n\t\t\t\t\t<\/div>\n\t\t<\/section>\n\t\t\t\t\t<\/div>\n\t\t<\/div>\n\t\t\t\t\t<\/div>\n\t\t<\/section>\n\t\t\t\t<\/div>\n\t\t","protected":false},"excerpt":{"rendered":"<p>Contactez-nous Non loin de Durbuy se trouve la commune calme et agr\u00e9able d&#8217;Erez\u00e9e, propice au repos, \u00e0 la marche ou \u00e0 l&#8217;exploration. Erez\u00e9e offre un paysage verdoyant compos\u00e9 de champs et de prairies. Vous pouvez y d\u00e9couvrir de nombreux endroits, dont de nombreux ch\u00e2teaux et moulins anciens. Vous avez des questions pour votre s\u00e9jour ou [&hellip;]<\/p>\n","protected":false},"author":1,"featured_media":0,"parent":0,"menu_order":0,"comment_status":"closed","ping_status":"closed","template":"elementor_header_footer","meta":{"inline_featured_image":false,"footnotes":""},"class_list":["post-5314","page","type-page","status-publish","hentry"],"_links":{"self":[{"href":"https:\/\/www.souslebois.be\/fr\/wp-json\/wp\/v2\/pages\/5314","targetHints":{"allow":["GET"]}}],"collection":[{"href":"https:\/\/www.souslebois.be\/fr\/wp-json\/wp\/v2\/pages"}],"about":[{"href":"https:\/\/www.souslebois.be\/fr\/wp-json\/wp\/v2\/types\/page"}],"author":[{"embeddable":true,"href":"https:\/\/www.souslebois.be\/fr\/wp-json\/wp\/v2\/users\/1"}],"replies":[{"embeddable":true,"href":"https:\/\/www.souslebois.be\/fr\/wp-json\/wp\/v2\/comments?post=5314"}],"version-history":[{"count":0,"href":"https:\/\/www.souslebois.be\/fr\/wp-json\/wp\/v2\/pages\/5314\/revisions"}],"wp:attachment":[{"href":"https:\/\/www.souslebois.be\/fr\/wp-json\/wp\/v2\/media?parent=5314"}],"curies":[{"name":"wp","href":"https:\/\/api.w.org\/{rel}","templated":true}]}}